{"id":13263,"date":"2021-10-25T11:48:05","date_gmt":"2021-10-25T11:48:05","guid":{"rendered":"http:\/\/oradiga.pt\/?page_id=13263"},"modified":"2023-06-06T14:36:45","modified_gmt":"2023-06-06T14:36:45","slug":"sobre-nos","status":"publish","type":"page","link":"https:\/\/oradiga.pt\/?page_id=13263","title":{"rendered":"Sobre N\u00f3s"},"content":{"rendered":"<p>[vc_section content_placement=&#8221;top&#8221;][vc_row full_width=&#8221;stretch_row_content&#8221; full_height=&#8221;yes&#8221;][vc_column]<div class=\"sep-wrap center  et-clearfix\"><div class=\"et-separator-decorative large icon-sep-sep14\" style=\"color:#ddb576;margin-top:24px;margin-bottom:24px;\"><\/div><\/div>[vc_column_text]<\/p>\n<blockquote>\n<h1 style=\"text-align: center;\">DESCUBRA A NOSSA HIST\u00d3RIA!<\/h1>\n<\/blockquote>\n<p>[\/vc_column_text][\/vc_column][\/vc_row][\/vc_section][vc_row equal_height=&#8221;yes&#8221;][vc_column animation_delay=&#8221;0&#8243; width=&#8221;2\/3&#8243;]<div data-curtain=\"false\" data-animation-delay=\"0\" data-parallax=\"false\" data-coordinatex=\"0\" data-coordinatey=\"0\" data-speed=\"1\" class=\"et-custom-image aligncenter overlay-fade-zoom curtain-left\"><div class=\"overlay-hover\"><div class=\"image\"><div class=\"image-container\"><img loading=\"lazy\" decoding=\"async\" width=\"2000\" height=\"1333\" src=\"https:\/\/oradiga.pt\/wp-content\/uploads\/2021\/10\/CHXE4316.jpg\" alt=\"\"><\/div><\/div><\/div><\/div>[\/vc_column][vc_column animation_delay=&#8221;0&#8243; width=&#8221;1\/3&#8243;][vc_column_text]<\/p>\n<h1 style=\"text-align: left;\">O que nos caracteriza?<\/h1>\n<p>A servi-lo desde 2005, o Ora Diga est\u00e1 situado em Fafe e distingue-se pelos seus reconfortantes pratos e o seu servi\u00e7o de qualidade. Num espa\u00e7o amplo e agrad\u00e1vel, estamos prontos a servir o cliente nas mais variadas ocasi\u00f5es.<\/p>\n<p>Foi criado para pessoas amantes da boa gastronomia e que, al\u00e9m do prazer de saborear, gostam de contemplar a beleza natural do cen\u00e1rio envolvente. Sendo Fafe a Catedral do WRC, a decora\u00e7\u00e3o fala por si.[\/vc_column_text][\/vc_column][\/vc_row][vc_row equal_height=&#8221;yes&#8221;][vc_column][vc_column_text]O menu, assenta na cozinha tradicional portuguesa, mas apresenta maioritariamente pratos regionais de Fafe. A Vitela Assada \u00e0 Moda de Fafe \u00e9 \u00edcone da gastronomia fafense, e o Ora Diga cozinha-a como ningu\u00e9m. Sobre esta iguaria poucos sabem a arte de a cozinhar. Um segredo\u2026 Sobre este n\u00e3o falamos muito, mas partilhamo-lo consigo de forma \u00fanica.<\/p>\n<p>S\u00e3o gargalhadas perdidas no meio de cada garfada, olhares trocados enquanto se degusta um bom gole de vinho. Fica o belo momento, a boa comida e uma vontade, certa, de querer repetir![\/vc_column_text][\/vc_column][\/vc_row][vc_row full_height=&#8221;yes&#8221;][vc_column][vc_column_text]<\/p>\n<blockquote>\n<h2>ONDE ESTAMOS?<\/h2>\n<\/blockquote>\n<p>[\/vc_column_text][vc_row_inner][vc_column_inner width=&#8221;5\/6&#8243;][vc_gmaps link=&#8221;#E-8_JTNDaWZyYW1lJTIwd2lkdGglM0QlMjI3MDAlMjIlMjBoZWlnaHQlM0QlMjI1MDAlMjIlMjBpZCUzRCUyMmdtYXBfY2FudmFzJTIyJTIwc3JjJTNEJTIyaHR0cHMlM0ElMkYlMkZtYXBzLmdvb2dsZS5jb20lMkZtYXBzJTNGcSUzRHJFU1RFVVJBTlRFJTI1MjBPUkElMjUyMERJR0ElMjZ0JTNEJTI2eiUzRDE5JTI2aWUlM0RVVEY4JTI2aXdsb2MlM0QlMjZvdXRwdXQlM0RlbWJlZCUyMiUyMGZyYW1lYm9yZGVyJTNEJTIyMCUyMiUyMHNjcm9sbGluZyUzRCUyMm5vJTIyJTIwbWFyZ2luaGVpZ2h0JTNEJTIyMCUyMiUyMG1hcmdpbndpZHRoJTNEJTIyMCUyMiUzRSUzQyUyRmlmcmFtZSUzRQ==&#8221;][\/vc_column_inner][vc_column_inner width=&#8221;1\/6&#8243;]<span class=\"et-gap et-clearfix \" style=\"height:200px\">&nbsp;<\/span>[vc_column_text]<strong>CONTACTOS<\/strong><\/p>\n<p>Rua do Dep\u00f3sito, 35<br \/>\n4820-179, Fafe<\/p>\n<p>T: 253 503 403 (Chamada para rede fixa nacional)<br \/>\nT: 961 346 765 (Chamada para rede fixa m\u00f3vel)<br \/>\nE: geral@oradiga.pt[\/vc_column_text][\/vc_column_inner][\/vc_row_inner][\/vc_column][\/vc_row][vc_row full_height=&#8221;yes&#8221; columns_placement=&#8221;stretch&#8221;][vc_column][vc_column_text]<\/p>\n<h1 style=\"text-align: center;\">Entre em contacto<\/h1>\n<p>[\/vc_column_text]\n<div class=\"wpcf7 no-js\" id=\"wpcf7-f7-o1\" lang=\"pt-PT\" dir=\"ltr\" data-wpcf7-id=\"7\">\n<div class=\"screen-reader-response\"><p role=\"status\" aria-live=\"polite\" aria-atomic=\"true\"><\/p> <ul><\/ul><\/div>\n<form action=\"\/index.php?rest_route=%2Fwp%2Fv2%2Fpages%2F13263#wpcf7-f7-o1\" method=\"post\" class=\"wpcf7-form init\" aria-label=\"Formul\u00e1rio de contacto\" novalidate=\"novalidate\" data-status=\"init\">\n<fieldset class=\"hidden-fields-container\"><input type=\"hidden\" name=\"_wpcf7\" value=\"7\" \/><input type=\"hidden\" name=\"_wpcf7_version\" value=\"6.1.5\" \/><input type=\"hidden\" name=\"_wpcf7_locale\" value=\"pt_PT\" \/><input type=\"hidden\" name=\"_wpcf7_unit_tag\" value=\"wpcf7-f7-o1\" \/><input type=\"hidden\" name=\"_wpcf7_container_post\" value=\"0\" \/><input type=\"hidden\" name=\"_wpcf7_posted_data_hash\" value=\"\" \/>\n<\/fieldset>\n<p><label> Nome<br \/>\n<span class=\"wpcf7-form-control-wrap\" data-name=\"your-name\"><input size=\"40\" maxlength=\"400\" class=\"wpcf7-form-control wpcf7-text wpcf7-validates-as-required\" aria-required=\"true\" aria-invalid=\"false\" value=\"\" type=\"text\" name=\"your-name\" \/><\/span> <\/label>\n<\/p>\n<p><label> Email<br \/>\n<span class=\"wpcf7-form-control-wrap\" data-name=\"your-email\"><input size=\"40\" maxlength=\"400\" class=\"wpcf7-form-control wpcf7-email wpcf7-validates-as-required wpcf7-text wpcf7-validates-as-email\" aria-required=\"true\" aria-invalid=\"false\" value=\"\" type=\"email\" name=\"your-email\" \/><\/span> <\/label>\n<\/p>\n<p><label> Assunto<br \/>\n<span class=\"wpcf7-form-control-wrap\" data-name=\"your-subject\"><input size=\"40\" maxlength=\"400\" class=\"wpcf7-form-control wpcf7-text wpcf7-validates-as-required\" aria-required=\"true\" aria-invalid=\"false\" value=\"\" type=\"text\" name=\"your-subject\" \/><\/span> <\/label>\n<\/p>\n<p><label> Mensagem (opcional)<br \/>\n<span class=\"wpcf7-form-control-wrap\" data-name=\"your-message\"><textarea cols=\"40\" rows=\"10\" maxlength=\"2000\" class=\"wpcf7-form-control wpcf7-textarea\" aria-invalid=\"false\" name=\"your-message\"><\/textarea><\/span> <\/label>\n<\/p>\n<p><input class=\"wpcf7-form-control wpcf7-submit has-spinner\" type=\"submit\" value=\"Submeter\" \/>\n<\/p><div class=\"wpcf7-response-output\" aria-hidden=\"true\"><\/div>\n<\/form>\n<\/div>\n[\/vc_column][vc_column][\/vc_column][\/vc_row]<\/p>\n","protected":false},"excerpt":{"rendered":"<p>[vc_section content_placement=&#8221;top&#8221;][vc_row full_width=&#8221;stretch_row_content&#8221; full_height=&#8221;yes&#8221;][vc_column][vc_column_text] DESCUBRA A NOSSA HIST\u00d3RIA! [\/vc_column_text][\/vc_column][\/vc_row][\/vc_section][vc_row equal_height=&#8221;yes&#8221;][vc_column animation_delay=&#8221;0&#8243; width=&#8221;2\/3&#8243;][\/vc_column][vc_column animation_delay=&#8221;0&#8243; width=&#8221;1\/3&#8243;][vc_column_text] O que nos caracteriza? A servi-lo desde 2005, o Ora Diga est\u00e1 situado em Fafe e distingue-se pelos seus reconfortantes pratos e o seu servi\u00e7o de qualidade. Num espa\u00e7o amplo e agrad\u00e1vel, estamos prontos a servir o cliente nas mais variadas [&hellip;]<\/p>\n","protected":false},"author":1,"featured_media":0,"parent":0,"menu_order":0,"comment_status":"closed","ping_status":"closed","template":"page-vc.php","meta":{"footnotes":""},"class_list":["post-13263","page","type-page","status-publish","hentry"],"_links":{"self":[{"href":"https:\/\/oradiga.pt\/index.php?rest_route=\/wp\/v2\/pages\/13263","targetHints":{"allow":["GET"]}}],"collection":[{"href":"https:\/\/oradiga.pt\/index.php?rest_route=\/wp\/v2\/pages"}],"about":[{"href":"https:\/\/oradiga.pt\/index.php?rest_route=\/wp\/v2\/types\/page"}],"author":[{"embeddable":true,"href":"https:\/\/oradiga.pt\/index.php?rest_route=\/wp\/v2\/users\/1"}],"replies":[{"embeddable":true,"href":"https:\/\/oradiga.pt\/index.php?rest_route=%2Fwp%2Fv2%2Fcomments&post=13263"}],"version-history":[{"count":57,"href":"https:\/\/oradiga.pt\/index.php?rest_route=\/wp\/v2\/pages\/13263\/revisions"}],"predecessor-version":[{"id":13501,"href":"https:\/\/oradiga.pt\/index.php?rest_route=\/wp\/v2\/pages\/13263\/revisions\/13501"}],"wp:attachment":[{"href":"https:\/\/oradiga.pt\/index.php?rest_route=%2Fwp%2Fv2%2Fmedia&parent=13263"}],"curies":[{"name":"wp","href":"https:\/\/api.w.org\/{rel}","templated":true}]}}