{"id":3,"date":"2021-10-20T10:14:41","date_gmt":"2021-10-20T10:14:41","guid":{"rendered":"http:\/\/oradiga.pt\/?page_id=3"},"modified":"2021-10-26T17:56:34","modified_gmt":"2021-10-26T17:56:34","slug":"privacy-policy","status":"publish","type":"page","link":"https:\/\/oradiga.pt\/?page_id=3","title":{"rendered":"Privacy Policy"},"content":{"rendered":"\r\n<p class=\"is-style-lead\"><strong>Acerca da politica de cookies<\/strong><br \/><br \/>Esta Pol\u00edtica de Cookies explica o que s\u00e3o cookies e como os usamos. Deve ler esta pol\u00edtica para entender o que s\u00e3o cookies, como os usamos, os tipos de cookies que usamos, ou seja, as informa\u00e7\u00f5es que colhemos usando cookies e como essas informa\u00e7\u00f5es s\u00e3o usadas e como controlar as prefer\u00eancias de cookies. Para mais informa\u00e7\u00f5es sobre como usamos, armazenamos e mantemos seus dados pessoais seguros, consulte a nossa Pol\u00edtica de Privacidade.<\/p>\r\n<p class=\"is-style-lead\">Pode, a qualquer momento, alterar ou retirar o seu consentimento da Declara\u00e7\u00e3o de Cookies no nosso site. Saiba mais sobre quem somos, como pode entrar em contacto connosco e como processamos dados pessoais em nossa Pol\u00edtica de Privacidade. O seu consentimento aplica-se aos seguintes dom\u00ednios: oradiga.pt<\/p>\r\n<p class=\"is-style-lead\">O seu estado actual: Consentimento aceite. Gerir o seu consentimento.<br \/><br \/><strong>O que s\u00e3o cookies ?<\/strong><br \/><br \/>Cookies s\u00e3o pequenos arquivos de texto usados \u200b\u200bpara armazenar pequenas informa\u00e7\u00f5es. Os cookies s\u00e3o armazenados no seu dispositivo quando o site \u00e9 carregado no seu navegador. Esses cookies ajudam-nos a fazer com que o site funcione corretamente, torne o site mais seguro, ofere\u00e7a melhor experi\u00eancia ao usu\u00e1rio, entenda como o site funciona e analise o que funciona e onde precisa melhorar.<\/p>\r\n<p class=\"is-style-lead\"><strong>Como usar cookies ?<\/strong><br \/><br \/>Como a maioria dos servi\u00e7os online, o nosso site usa cookies prim\u00e1rios e de terceiros para diversas finalidades. Os cookies prim\u00e1rios s\u00e3o necess\u00e1rios para que o site funcione corretamente e n\u00e3o recolhem dados pessoais identific\u00e1veis.<\/p>\r\n<p class=\"is-style-lead\">Os cookies de terceiros usados nos nossos sites s\u00e3o usados \u200b\u200bprincipalmente para entender como o site funciona, como interage com o nosso site, mantendo nossos servi\u00e7os seguros, fornecendo an\u00fancios que s\u00e3o relevantes para si e, ao mesmo tempo, fornecendo uma melhor e melhorada experi\u00eancia do usu\u00e1rio e ajudar a acelerar suas futuras intera\u00e7\u00f5es com o nosso site.<\/p>\r\n<p class=\"is-style-lead\"><strong>Que tipos de cookies usamos ?<\/strong><br \/><br \/><strong>Essencial:<\/strong>\u00a0alguns cookies s\u00e3o essenciais para que possa experimentar toda a funcionalidade do nosso site. Eles permitem-nos manter sess\u00f5es de usu\u00e1rios e evitar qualquer amea\u00e7a \u00e0 seguran\u00e7a. Eles n\u00e3o recolhem ou armazenam informa\u00e7\u00f5es pessoais. Por exemplo, esses cookies permitem que fa\u00e7a login em sua conta, adicione produtos \u00e0 sua cesta e efetue o checkout com seguran\u00e7a.<\/p>\r\n<p class=\"is-style-lead\"><strong>Estat\u00edsticas:<\/strong>\u00a0Estes cookies armazenam informa\u00e7\u00f5es como o n\u00famero de visitantes do site, o n\u00famero de visitantes \u00fanicos, quais p\u00e1ginas do site foram visitadas, a origem da visita, etc. Esses dados ajudam-nos a entender e analisar o desempenho do site e onde precisa de melhorias.<\/p>\r\n<p class=\"is-style-lead\"><strong>Marketing:<\/strong>\u00a0O nosso site exibe an\u00fancios. Esses cookies s\u00e3o usados \u200b\u200bpara personalizar os an\u00fancios que lhe mostramos, para que eles sejam significativos para si. Esses cookies tamb\u00e9m nos ajudam a acompanhar a efici\u00eancia dessas campanhas publicit\u00e1rias.<\/p>\r\n<p class=\"is-style-lead\">As informa\u00e7\u00f5es armazenadas nesses cookies tamb\u00e9m podem ser usadas pelos provedores de an\u00fancios de terceiros para exibir an\u00fancios em outros sites no navegador.<\/p>\r\n<p class=\"is-style-lead\"><strong>Funcional:<\/strong>\u00a0Estes s\u00e3o os cookies que ajudam certas funcionalidades n\u00e3o essenciais no nosso site. Essas funcionalidades incluem incorporar conte\u00fado como v\u00eddeos ou compartilhar conte\u00fado no site em plataformas de m\u00e9dia social.<\/p>\r\n<p class=\"is-style-lead\"><strong>Prefer\u00eancias:<\/strong>\u00a0Estes cookies ajudam-nos a armazenar suas configura\u00e7\u00f5es e prefer\u00eancias de navega\u00e7\u00e3o, como prefer\u00eancias de idioma, para que voc\u00ea tenha uma experi\u00eancia melhor e eficiente em futuras visitas ao site.<\/p>\r\n<p class=\"is-style-lead\"><strong>COOKIE<\/strong><br \/><em>Nenhum registo encontrado<\/em><br \/><br \/><strong>Como posso controlar as prefer\u00eancias de cookie?<\/strong><br \/><br \/>Caso decida alterar as suas prefer\u00eancias posteriormente por meio da sua sess\u00e3o de navega\u00e7\u00e3o, clique na guia \u201cPol\u00edtica de Privacidade e Cookies\u201d na tela. Isso exibir\u00e1 o aviso de consentimento novamente, permitindo que voc\u00ea altere suas prefer\u00eancias ou retire totalmente o seu consentimento.<\/p>\r\n<p class=\"is-style-lead\">Al\u00e9m disso, diferentes navegadores fornecem diferentes m\u00e9todos para bloquear e excluir cookies usados \u200b\u200bpor sites. Pode alterar as configura\u00e7\u00f5es do seu navegador para bloquear \/ excluir os cookies. Para saber mais sobre como gerir e excluir cookies, visite wikipedia.org, www.allaboutcookies.org.<\/p>\r\n","protected":false},"excerpt":{"rendered":"<p>Acerca da politica de cookies Esta Pol\u00edtica de Cookies explica o que s\u00e3o cookies e como os usamos. Deve ler esta pol\u00edtica para entender o que s\u00e3o cookies, como os usamos, os tipos de cookies que usamos, ou seja, as informa\u00e7\u00f5es que colhemos usando cookies e como essas informa\u00e7\u00f5es s\u00e3o usadas e como controlar as [&hellip;]<\/p>\n","protected":false},"author":1,"featured_media":0,"parent":0,"menu_order":0,"comment_status":"closed","ping_status":"open","template":"","meta":{"footnotes":""},"class_list":["post-3","page","type-page","status-publish","hentry"],"_links":{"self":[{"href":"https:\/\/oradiga.pt\/index.php?rest_route=\/wp\/v2\/pages\/3","targetHints":{"allow":["GET"]}}],"collection":[{"href":"https:\/\/oradiga.pt\/index.php?rest_route=\/wp\/v2\/pages"}],"about":[{"href":"https:\/\/oradiga.pt\/index.php?rest_route=\/wp\/v2\/types\/page"}],"author":[{"embeddable":true,"href":"https:\/\/oradiga.pt\/index.php?rest_route=\/wp\/v2\/users\/1"}],"replies":[{"embeddable":true,"href":"https:\/\/oradiga.pt\/index.php?rest_route=%2Fwp%2Fv2%2Fcomments&post=3"}],"version-history":[{"count":1,"href":"https:\/\/oradiga.pt\/index.php?rest_route=\/wp\/v2\/pages\/3\/revisions"}],"predecessor-version":[{"id":13460,"href":"https:\/\/oradiga.pt\/index.php?rest_route=\/wp\/v2\/pages\/3\/revisions\/13460"}],"wp:attachment":[{"href":"https:\/\/oradiga.pt\/index.php?rest_route=%2Fwp%2Fv2%2Fmedia&parent=3"}],"curies":[{"name":"wp","href":"https:\/\/api.w.org\/{rel}","templated":true}]}}